{"id":5606,"date":"2025-01-25T16:44:04","date_gmt":"2025-01-25T15:44:04","guid":{"rendered":"https:\/\/www.e2i-advisory.lu\/cookies-policy\/"},"modified":"2026-01-10T19:53:57","modified_gmt":"2026-01-10T18:53:57","slug":"cookies-policy","status":"publish","type":"page","link":"https:\/\/www.e2i-advisory.lu\/fr\/cookies-policy\/","title":{"rendered":"Cookies"},"content":{"rendered":"<div  class=\"tatsu-hynwhltid87gwk1h tatsu-section  tatsu-bg-overlay   tatsu-clearfix\" data-title=\"\"  data-headerscheme=\"background--dark\"><div class='tatsu-section-pad clearfix' data-padding='{\"d\":\"90px 0px 90px 0px\"}' data-padding-top='90px'><div class=\"tatsu-row-wrap  tatsu-wrap tatsu-row-one-col tatsu-row-has-one-cols tatsu-medium-gutter tatsu-reg-cols  tatsu-clearfix tatsu-hynwhltig584ona2\" ><div  class=\"tatsu-row \" ><div  class=\"tatsu-column  tatsu-bg-overlay tatsu-one-col tatsu-column-image-none tatsu-column-effect-none  tatsu-hynwhltiitba879q\"  data-parallax-speed=\"0\" style=\"\"><div class=\"tatsu-column-inner \" ><div class=\"tatsu-column-pad-wrap\"><div class=\"tatsu-column-pad\" ><div  class=\"tatsu-module tatsu-text-block-wrap tatsu-SJfVB3l5kl  \"><div class=\"tatsu-text-inner tatsu-align-center  clearfix\" ><style>.tatsu-SJfVB3l5kl.tatsu-text-block-wrap .tatsu-text-inner{width: 100%;text-align: left;}<\/style><p><\/p>\n<h2 class=\"wp-block-heading\">Qu\u2019est-ce qu\u2019un cookie ?<\/h2>\n<p>Un cookie est un fichier qui est t\u00e9l\u00e9charg\u00e9 sur votre terminal (ordinateur, smartphone, tablette\u2026) lorsque vous consultez certains sites web. Les cookies permettent notamment \u00e0 ces sites web de stocker et de r\u00e9cup\u00e9rer des informations concernant les habitudes de navigation de l\u2019utilisateur d\u2019un site ou de son \u00e9quipement puis, en fonction de ces informations, de le reconna\u00eetre.<\/p>\n<p>Toutefois, les donn\u00e9es obtenues sont restreintes. Elles concernent uniquement le nombre de pages visit\u00e9es, la ville o\u00f9 est localis\u00e9e l\u2019adresse IP de connexion au site web, la fr\u00e9quence et la r\u00e9currence des visites, la dur\u00e9e de la visite, le navigateur, l\u2019op\u00e9rateur ou le type de terminal \u00e0 partir duquel la visite est effectu\u00e9e. Des donn\u00e9es telles que le nom, le pr\u00e9nom de l\u2019utilisateur ou l\u2019adresse postale de connexion ne sont, en aucun cas, obtenues.<\/p>\n<h2>Les cookies utilis\u00e9s sur ce site web<\/h2>\n<p>Les cookies utilis\u00e9s sur ce site web stockent un identifiant ou des instructions permettant de g\u00e9rer la navigation de l\u2019utilisateur sur notre site. Ils expirent pendant ou apr\u00e8s la session, ou apr\u00e8s un d\u00e9lai ne d\u00e9passant pas 13 mois, conform\u00e9ment aux recommandations en vigueur.<\/p>\n<h2>Les cookies permettent de faciliter la navigation de l\u2019utilisateur sur notre site<\/h2>\n<ul>\n<li>en suivant sa navigation au cours de la session afin d\u2019assurer la qualit\u00e9 et la s\u00e9curit\u00e9 de la navigation sur le site ;<\/li>\n<li>en conservant les informations saisies dans les champs pr\u00e9vus \u00e0 cet effet lorsque l\u2019utilisateur change de page ;<\/li>\n<li>en permettant \u00e0 l\u2019utilisateur de rester sur le m\u00eame serveur h\u00f4te pendant toute la dur\u00e9e de sa session ;<\/li>\n<li>en redirigeant l\u2019utilisateur vers le site de la langue ou de la filiale correspondante au pays depuis lequel il semble se connecter ;<\/li>\n<li>en g\u00e9rant les pics de charge ;<\/li>\n<li>en masquant l\u2019information sur l\u2019utilisation des cookies du site lorsque l\u2019utilisateur a accept\u00e9 leur utilisation ;<\/li>\n<li>en prenant en compte le refus de l\u2019utilisateur quant \u00e0 l\u2019analyse des donn\u00e9es collect\u00e9es sur le site.<\/li>\n<\/ul>\n<h2>Les cookies permettent d\u2019am\u00e9liorer nos services web<\/h2>\n<ul>\n<li>en obtenant des donn\u00e9es statistiques anonymes de fr\u00e9quentation concernant l\u2019utilisation du site visit\u00e9 ;<\/li>\n<li>en permettant le suivi d\u2019un clic effectu\u00e9 dans une newsletter jusqu\u2019aux pages du site concern\u00e9 ;<\/li>\n<li>en identifiant les visiteurs du site qui proviendraient d\u2019une campagne digitale.<\/li>\n<\/ul>\n<h2>Cookies et traceurs tiers<\/h2>\n<p>Il s\u2019agit de cookies ou de traceurs t\u00e9l\u00e9charg\u00e9s sur votre terminal par des entit\u00e9s tierces (partenaires, annonceurs\u2026) lorsque vous naviguez sur certaines pages de notre site.<\/p>\n<p>Ces entit\u00e9s se sont engag\u00e9es \u00e0 respecter la l\u00e9gislation en vigueur quant aux cookies\/traceurs et garantissent la mise en \u0153uvre de mesures de protection et de s\u00e9curisation des donn\u00e9es recueillies.<\/p>\n<p>Vous pouvez autoriser, bloquer ou supprimer les cookies install\u00e9s sur votre poste en param\u00e9trant les options de votre navigateur. Pour les navigateurs les plus courants, vous trouverez des indications via les liens suivants :<\/p>\n<ul>\n<li><a href=\"https:\/\/support.mozilla.org\/fr\/kb\/empecher-sites-enregistrer-preferences\" target=\"_blank\" rel=\"noopener\">Firefox<\/a><\/li>\n<li><a href=\"https:\/\/support.google.com\/accounts\/answer\/61416?hl=en\" target=\"_blank\" rel=\"noopener\">Chrome<\/a><\/li>\n<li><a href=\"https:\/\/support.microsoft.com\/fr-fr\/help\/17442\/windows-internet-explorer-delete-manage-cookies\" target=\"_blank\" rel=\"noopener\">Internet Explorer<\/a><\/li>\n<li><a href=\"https:\/\/help.opera.com\/en\/latest\/web-preferences\/#cookies\" target=\"_blank\" rel=\"noopener\">Opera<\/a><\/li>\n<li><a href=\"https:\/\/support.apple.com\/kb\/PH17191?locale=en_US&amp;viewlocale=en_US\" target=\"_blank\" rel=\"noopener\">Safari<\/a><\/li>\n<\/ul>\n<p>Enfin, nous tenons \u00e0 vous informer que la d\u00e9sactivation d\u2019un cookie pourrait emp\u00eacher ou rendre difficile la navigation ou la prestation des services propos\u00e9s sur notre site Internet.<\/p>\n<p><\/p><\/div><\/div><\/div><\/div><div class = \"tatsu-column-bg-image-wrap\"><div class = \"tatsu-column-bg-image tatsu-bg-lazyload\" data-src = \"\"><\/div><\/div><div class=\"tatsu-overlay tatsu-column-overlay tatsu-animate-none\" ><\/div><\/div><style>.tatsu-row > .tatsu-hynwhltiitba879q.tatsu-column{width: 100%;}.tatsu-hynwhltiitba879q.tatsu-column > .tatsu-column-inner > .tatsu-column-overlay{mix-blend-mode: normal;}.tatsu-hynwhltiitba879q > .tatsu-column-inner > .tatsu-top-divider{z-index: 9999;}.tatsu-hynwhltiitba879q > .tatsu-column-inner > .tatsu-bottom-divider{z-index: 9999;}.tatsu-hynwhltiitba879q > .tatsu-column-inner > .tatsu-left-divider{z-index: 9999;}.tatsu-hynwhltiitba879q > .tatsu-column-inner > .tatsu-right-divider{z-index: 9999;}<\/style><\/div><\/div><\/div><\/div><div class=\"tatsu-section-background-wrap\"><div class = \"tatsu-section-background tatsu-bg-lazyload\" data-src = \"\"><\/div><\/div><div class=\"tatsu-overlay tatsu-section-overlay\"><\/div><style>.tatsu-hynwhltid87gwk1h .tatsu-section-pad{padding: 90px 0px 90px 0px;}.tatsu-hynwhltid87gwk1h > .tatsu-bottom-divider{z-index: 9999;}.tatsu-hynwhltid87gwk1h > .tatsu-top-divider{z-index: 9999;}.tatsu-hynwhltid87gwk1h .tatsu-section-overlay{mix-blend-mode: normal;}<\/style><\/div>","protected":false},"excerpt":{"rendered":"<p><a href=\"https:\/\/www.e2i-advisory.lu\/fr\/cookies-policy\/\" class=\"exp-read-more exp-read-more-dots\">&#8230;<\/a><\/p>\n","protected":false},"author":1,"featured_media":0,"parent":0,"menu_order":0,"comment_status":"closed","ping_status":"open","template":"","meta":{"footnotes":""},"class_list":["post-5606","page","type-page","status-publish","hentry"],"_links":{"self":[{"href":"https:\/\/www.e2i-advisory.lu\/fr\/wp-json\/wp\/v2\/pages\/5606","targetHints":{"allow":["GET"]}}],"collection":[{"href":"https:\/\/www.e2i-advisory.lu\/fr\/wp-json\/wp\/v2\/pages"}],"about":[{"href":"https:\/\/www.e2i-advisory.lu\/fr\/wp-json\/wp\/v2\/types\/page"}],"author":[{"embeddable":true,"href":"https:\/\/www.e2i-advisory.lu\/fr\/wp-json\/wp\/v2\/users\/1"}],"replies":[{"embeddable":true,"href":"https:\/\/www.e2i-advisory.lu\/fr\/wp-json\/wp\/v2\/comments?post=5606"}],"version-history":[{"count":3,"href":"https:\/\/www.e2i-advisory.lu\/fr\/wp-json\/wp\/v2\/pages\/5606\/revisions"}],"predecessor-version":[{"id":5781,"href":"https:\/\/www.e2i-advisory.lu\/fr\/wp-json\/wp\/v2\/pages\/5606\/revisions\/5781"}],"wp:attachment":[{"href":"https:\/\/www.e2i-advisory.lu\/fr\/wp-json\/wp\/v2\/media?parent=5606"}],"curies":[{"name":"wp","href":"https:\/\/api.w.org\/{rel}","templated":true}]}}