{"id":5610,"date":"2025-01-25T16:54:25","date_gmt":"2025-01-25T15:54:25","guid":{"rendered":"https:\/\/www.e2i-advisory.lu\/terms-and-conditions\/"},"modified":"2026-01-10T19:59:59","modified_gmt":"2026-01-10T18:59:59","slug":"terms-and-conditions","status":"publish","type":"page","link":"https:\/\/www.e2i-advisory.lu\/fr\/terms-and-conditions\/","title":{"rendered":"Mentions l\u00e9gales et CGU"},"content":{"rendered":"<div  class=\"tatsu-hy0r5rh8gvecjuje tatsu-section  tatsu-bg-overlay   tatsu-clearfix\" data-title=\"\"  data-headerscheme=\"background--dark\"><div class='tatsu-section-pad clearfix' data-padding='{\"d\":\"90px 0px 90px 0px\"}' data-padding-top='90px'><div class=\"tatsu-row-wrap  tatsu-wrap tatsu-row-one-col tatsu-row-has-one-cols tatsu-medium-gutter tatsu-reg-cols  tatsu-clearfix tatsu-hy0r5rh8jibf3c9l\" ><div  class=\"tatsu-row \" ><div  class=\"tatsu-column  tatsu-bg-overlay tatsu-one-col tatsu-column-image-none tatsu-column-effect-none  tatsu-hy0r5rh8m57i67je\"  data-parallax-speed=\"0\" style=\"\"><div class=\"tatsu-column-inner \" ><div class=\"tatsu-column-pad-wrap\"><div class=\"tatsu-column-pad\" ><div  class=\"tatsu-module tatsu-text-block-wrap tatsu-hy0r5rh8oe588s9j  \"><div class=\"tatsu-text-inner tatsu-align-center  clearfix\" ><style>.tatsu-hy0r5rh8oe588s9j.tatsu-text-block-wrap .tatsu-text-inner{width: 100%;text-align: left;}<\/style><p><\/p>\n<h2 class=\"wp-block-heading\">Mentions l\u00e9gales<\/h2>\n<p>Vous \u00eates actuellement connect\u00e9 au site <a href=\"http:\/\/www.e2i-advisory.lu\">www.e2i-advisory.lu<\/a>, propri\u00e9t\u00e9 de E2i ADVISORY, r\u00e9gi par les conditions g\u00e9n\u00e9rales d\u2019utilisation qui figurent ci-dessous.<\/p>\n<p><strong>E2i ADVISORY<\/strong><br \/>33 Avenue de la Libert\u00e9<br \/>L-1931 Luxembourg<\/p>\n<p>Immatricul\u00e9e au Registre du Commerce et des Soci\u00e9t\u00e9s de Luxembourg sous le num\u00e9ro <strong>RCS B292242<br \/><\/strong>Num\u00e9ro de permis <strong>101753374 \/ 0<\/strong><br \/>Num\u00e9ro de TVA <strong>LU36267904<\/strong><\/p>\n<h2>Conditions g\u00e9n\u00e9rales d\u2019utilisation du site internet<\/h2>\n<p>L\u2019utilisation du site www.e2i-advisory.lu implique l\u2019acceptation pleine et enti\u00e8re des conditions g\u00e9n\u00e9rales d\u2019utilisation ci-apr\u00e8s d\u00e9crites.<\/p>\n<p>Ces conditions d\u2019utilisation sont susceptibles d\u2019\u00eatre modifi\u00e9es ou compl\u00e9t\u00e9es \u00e0 tout moment, les utilisateurs du site\u00a0www.www.e2i-advisory.lu\u00a0sont donc invit\u00e9s \u00e0 les consulter de mani\u00e8re r\u00e9guli\u00e8re.<\/p>\n<h3>Acc\u00e8s au site Internet<\/h3>\n<p>E2i ADVISORY s\u2019efforce d\u2019offrir \u00e0 l\u2019utilisateur un acc\u00e8s constant au site. Cependant, E2i ADVISORY n\u2019est pas responsable des \u00e9ventuelles interruptions de service, pannes de r\u00e9seaux ou restrictions d\u2019acc\u00e8s.<\/p>\n<p>Par ailleurs, une interruption pour raison de maintenance technique peut \u00eatre d\u00e9cid\u00e9e par E2i ADVISORY, qui s\u2019efforcera alors de communiquer pr\u00e9alablement aux utilisateurs les dates et heures de l\u2019intervention.<\/p>\n<h3>Objet du site Internet<\/h3>\n<p>Le site www.e2i-advisory.lu a pour objet de pr\u00e9senter E2i ADVISORY, ses activit\u00e9s ainsi que son offre de services.<\/p>\n<p>E2i ADVISORY s\u2019attache \u00e0 fournir des informations aussi pr\u00e9cises que possible. Toutefois, elle ne pourra \u00eatre tenue responsable des omissions, des inexactitudes et des carences dans la mise \u00e0 jour, qu\u2019elles soient de son fait ou du fait des tiers partenaires qui lui fournissent ces informations.<\/p>\n<p>Les informations diffus\u00e9es sur le site www.e2i-advisory.lu, qu\u2019elles soient de nature g\u00e9n\u00e9rale ou sp\u00e9cifique, sont fournies \u00e0 titre purement indicatif. Elles n\u2019ont aucune valeur contractuelle et ne constituent en aucun cas un avis juridique ou un conseil personnalis\u00e9.<\/p>\n<p>L\u2019utilisateur est seul responsable de toute d\u00e9cision prise sur la base des informations contenues sur le site www.e2i-advisory.lu.<\/p>\n<h3>Propri\u00e9t\u00e9 intellectuelle<\/h3>\n<p>L\u2019ensemble des \u00e9l\u00e9ments figurant sur les pages du site www.e2i-advisory.lu est la propri\u00e9t\u00e9 intellectuelle de E2i ADVISORY ou est sous licence et\/ou prot\u00e9g\u00e9 par des droits d\u2019auteurs.<\/p>\n<p>Sauf indication contraire, l\u2019utilisateur est autoris\u00e9 \u00e0 consulter, t\u00e9l\u00e9charger et imprimer les documents et informations disponibles. Ces droits constituent une autorisation d\u2019utilisation et en aucun cas une cession de droits, de propri\u00e9t\u00e9 ou autre, relatifs au site www.e2i-advisory.lu.<\/p>\n<p>En outre, toute reproduction, repr\u00e9sentation, modification, publication, adaptation de tout ou partie des \u00e9l\u00e9ments du site www.e2i-advisory.lu, quel que soit le moyen ou le proc\u00e9d\u00e9 utilis\u00e9, est interdite, sauf autorisation \u00e9crite pr\u00e9alable de E2i ADVISORY.<\/p>\n<h3>Donn\u00e9es \u00e0 caract\u00e8re personnel<\/h3>\n<p>E2i ADVISORY ne collecte des donn\u00e9es \u00e0 caract\u00e8re personnel concernant l\u2019utilisateur du site www.e2i-advisory.lu que pour le besoin de certains services propos\u00e9s par le site (par ex. inscription newsletters).<\/p>\n<p>L\u2019utilisateur fournit ces informations en toute connaissance de cause, notamment lorsqu\u2019il proc\u00e8de lui-m\u00eame \u00e0 leur saisie.<\/p>\n<p>L\u2019utilisateur est invit\u00e9 \u00e0 prendre connaissance de la\u00a0<strong>\u00ab\u00a0<a href=\"https:\/\/www.e2i-advisory.lu\/fr\/privacy-policy\/\"><u>Politique g\u00e9n\u00e9rale de protection des donn\u00e9es \u00e0 caract\u00e8re personnel<\/u><\/a>\u00a0\u00bb<\/strong> pour conna\u00eetre les engagements pris par E2i ADVISORY afin de veiller \u00e0 la protection des donn\u00e9es \u00e0 caract\u00e8re personnel.<\/p>\n<h3>Liens hypertextes<\/h3>\n<p>Le site www.e2i-advisory.lu peut contenir des liens vers d\u2019autres sites qui peuvent \u00eatre utiles aux utilisateurs ou qui peuvent les int\u00e9resser.<\/p>\n<p>E2i ADVISORY n\u2019exerce aucun contr\u00f4le sur le contenu de ces sites. Elle ne peut d\u00e8s lors \u00eatre tenue responsable des contenus pr\u00e9sent\u00e9s sur lesdits sites et ce, que ce soit au niveau de leur l\u00e9galit\u00e9 ou de l\u2019exactitude des documents et informations qui s\u2019y trouvent, ainsi que des cons\u00e9quences qui d\u00e9couleraient de leur utilisation.<\/p>\n<h3>Langues<\/h3>\n<p>Le site www.e2i-advisory.lu est disponible dans plusieurs langues.<\/p>\n<p>En cas de contradiction entre la version du site en fran\u00e7ais et la version dans une autre langue, seule la version fran\u00e7aise du site fait foi.<\/p>\n<h3>Loi applicable et juridictions comp\u00e9tentes<\/h3>\n<p>Le contenu du site www.e2i-advisory.lu est soumis au droit luxembourgeois.<\/p>\n<p>Tout litige relatif \u00e0 l\u2019acc\u00e8s, le contenu ou l\u2019utilisation du site www.e2i-advisory.lu rel\u00e8ve de la comp\u00e9tence exclusive des juridictions du Grand-Duch\u00e9 de Luxembourg.<\/p>\n<p><\/p><\/div><\/div><\/div><\/div><div class = \"tatsu-column-bg-image-wrap\"><div class = \"tatsu-column-bg-image tatsu-bg-lazyload\" data-src = \"\"><\/div><\/div><div class=\"tatsu-overlay tatsu-column-overlay tatsu-animate-none\" ><\/div><\/div><style>.tatsu-row > .tatsu-hy0r5rh8m57i67je.tatsu-column{width: 100%;}.tatsu-hy0r5rh8m57i67je.tatsu-column > .tatsu-column-inner > .tatsu-column-overlay{mix-blend-mode: normal;}.tatsu-hy0r5rh8m57i67je > .tatsu-column-inner > .tatsu-top-divider{z-index: 9999;}.tatsu-hy0r5rh8m57i67je > .tatsu-column-inner > .tatsu-bottom-divider{z-index: 9999;}.tatsu-hy0r5rh8m57i67je > .tatsu-column-inner > .tatsu-left-divider{z-index: 9999;}.tatsu-hy0r5rh8m57i67je > .tatsu-column-inner > .tatsu-right-divider{z-index: 9999;}<\/style><\/div><\/div><\/div><\/div><div class=\"tatsu-section-background-wrap\"><div class = \"tatsu-section-background tatsu-bg-lazyload\" data-src = \"\"><\/div><\/div><div class=\"tatsu-overlay tatsu-section-overlay\"><\/div><style>.tatsu-hy0r5rh8gvecjuje .tatsu-section-pad{padding: 90px 0px 90px 0px;}.tatsu-hy0r5rh8gvecjuje > .tatsu-bottom-divider{z-index: 9999;}.tatsu-hy0r5rh8gvecjuje > .tatsu-top-divider{z-index: 9999;}.tatsu-hy0r5rh8gvecjuje .tatsu-section-overlay{mix-blend-mode: normal;}<\/style><\/div>","protected":false},"excerpt":{"rendered":"<p><a href=\"https:\/\/www.e2i-advisory.lu\/fr\/terms-and-conditions\/\" class=\"exp-read-more exp-read-more-dots\">&#8230;<\/a><\/p>\n","protected":false},"author":1,"featured_media":0,"parent":0,"menu_order":0,"comment_status":"closed","ping_status":"open","template":"","meta":{"footnotes":""},"class_list":["post-5610","page","type-page","status-publish","hentry"],"_links":{"self":[{"href":"https:\/\/www.e2i-advisory.lu\/fr\/wp-json\/wp\/v2\/pages\/5610","targetHints":{"allow":["GET"]}}],"collection":[{"href":"https:\/\/www.e2i-advisory.lu\/fr\/wp-json\/wp\/v2\/pages"}],"about":[{"href":"https:\/\/www.e2i-advisory.lu\/fr\/wp-json\/wp\/v2\/types\/page"}],"author":[{"embeddable":true,"href":"https:\/\/www.e2i-advisory.lu\/fr\/wp-json\/wp\/v2\/users\/1"}],"replies":[{"embeddable":true,"href":"https:\/\/www.e2i-advisory.lu\/fr\/wp-json\/wp\/v2\/comments?post=5610"}],"version-history":[{"count":9,"href":"https:\/\/www.e2i-advisory.lu\/fr\/wp-json\/wp\/v2\/pages\/5610\/revisions"}],"predecessor-version":[{"id":5787,"href":"https:\/\/www.e2i-advisory.lu\/fr\/wp-json\/wp\/v2\/pages\/5610\/revisions\/5787"}],"wp:attachment":[{"href":"https:\/\/www.e2i-advisory.lu\/fr\/wp-json\/wp\/v2\/media?parent=5610"}],"curies":[{"name":"wp","href":"https:\/\/api.w.org\/{rel}","templated":true}]}}